{"id":220,"date":"2016-11-21T20:49:53","date_gmt":"2016-11-21T19:49:53","guid":{"rendered":"http:\/\/oberstufe.lindenauschule.de\/?page_id=220"},"modified":"2023-09-13T17:42:50","modified_gmt":"2023-09-13T16:42:50","slug":"downloads","status":"publish","type":"page","link":"https:\/\/www.lindenauschule.de\/los\/?page_id=220","title":{"rendered":"Downloads"},"content":{"rendered":"<p><img decoding=\"async\" loading=\"lazy\" class=\"size-medium wp-image-14 alignleft\" src=\"http:\/\/oberstufe.lindenauschule.de\/wp-content\/uploads\/2016\/11\/IMG_6186-300x224.jpg\" alt=\"img_6186\" width=\"300\" height=\"224\" srcset=\"https:\/\/www.lindenauschule.de\/los\/wp-content\/uploads\/2016\/11\/IMG_6186-300x224.jpg 300w, https:\/\/www.lindenauschule.de\/los\/wp-content\/uploads\/2016\/11\/IMG_6186-768x574.jpg 768w, https:\/\/www.lindenauschule.de\/los\/wp-content\/uploads\/2016\/11\/IMG_6186-1024x765.jpg 1024w, https:\/\/www.lindenauschule.de\/los\/wp-content\/uploads\/2016\/11\/IMG_6186-100x75.jpg 100w, https:\/\/www.lindenauschule.de\/los\/wp-content\/uploads\/2016\/11\/IMG_6186-150x112.jpg 150w, https:\/\/www.lindenauschule.de\/los\/wp-content\/uploads\/2016\/11\/IMG_6186-200x149.jpg 200w, https:\/\/www.lindenauschule.de\/los\/wp-content\/uploads\/2016\/11\/IMG_6186-450x336.jpg 450w, https:\/\/www.lindenauschule.de\/los\/wp-content\/uploads\/2016\/11\/IMG_6186-600x448.jpg 600w, https:\/\/www.lindenauschule.de\/los\/wp-content\/uploads\/2016\/11\/IMG_6186-900x672.jpg 900w\" sizes=\"(max-width: 300px) 100vw, 300px\" \/><\/p>\n<p>Diese Seite versammelt einige wichtige Downloads, die die Selbstorganisation in der Oberstufe unterst\u00fctzen hilft und bei Verlust hier heruntergeladen werden k\u00f6nnen.<\/p>\n<ul>\n<li><a href=\"https:\/\/kultusministerium.hessen.de\/sites\/kultusministerium.hessen.de\/files\/2021-11\/abitur_in_hessen_9_auflage_2021.pdf\" target=\"_blank\" rel=\"noopener\" data-wplink-edit=\"true\">Abitur in Hessen &#8211; Ein guter Weg<\/a><\/li>\n<li><a href=\"\/los\/wp-content\/uploads\/2016\/11\/aufnahmeantrag_11.pdf\" target=\"_blank\" rel=\"noopener\">Aufnahmeantrag 11<\/a><\/li>\n<li><a href=\"\/los\/wp-content\/uploads\/2016\/11\/aufnahmeantrag_12.pdf\" target=\"_blank\" rel=\"noopener\">Aufnahmeantrag 12<\/a><\/li>\n<li><a href=\"\/los\/wp-content\/uploads\/2016\/11\/schulordnung_oberstufe.pdf\" target=\"_blank\" rel=\"noopener\">Erg\u00e4nzende Schulordnung LOS<\/a><\/li>\n<li><a href=\"\/los\/wp-content\/uploads\/2016\/11\/entschuldigung.pdf\" target=\"_blank\" rel=\"noopener\">Vorlage Entschuldigung<\/a><\/li>\n<li><a href=\"\/los\/wp-content\/uploads\/2016\/11\/notenuebersicht.pdf\" target=\"_blank\" rel=\"noopener\">Vorlage Noten\u00fcbersicht<\/a><\/li>\n<li><a href=\"\/los\/wp-content\/uploads\/2016\/11\/leistungsfachtendenzwahl.pdf\" target=\"_blank\" rel=\"noopener\">Leistungsfach-Wunsch<\/a><\/li>\n<li><a href=\"\/los\/wp-content\/uploads\/2016\/11\/info_kurswahl_Q1.pdf\" target=\"_blank\" rel=\"noopener\">Information Kurswahl Q-Phase<\/a><\/li>\n<li><a href=\"\/los\/wp-content\/uploads\/2016\/11\/kurswahl_Q1.pdf\" target=\"_blank\" rel=\"noopener\">Kurswahl Q1<\/a><\/li>\n<li><a href=\"\/los\/wp-content\/uploads\/2016\/11\/kursabwahl_Q3.pdf\" target=\"_blank\" rel=\"noopener\">Kurswahl Q3<\/a><\/li>\n<li><a href=\"\/los\/wp-content\/uploads\/2016\/11\/info_taeuschung.pdf\" target=\"_blank\" rel=\"noopener\">Info T\u00e4uschung<\/a><\/li>\n<li><a href=\"\/los\/wp-content\/uploads\/2016\/11\/hinweise_praktikumsregelungen_FHreife.pdf\" target=\"_blank\" rel=\"noopener\">Hinweise zum FH-Praktikum<\/a><\/li>\n<\/ul>\n<p>Die auf diesen Webseiten eingearbeiteten \u00dcbersichtstabellen sind der Info-Brosch\u00fcre des HKM &#8222;Abitur in Hessen &#8211; Ein guter Weg&#8220; entnommen. Die \u00dcbersichtsgrafik auf der Seite &#8222;Aufnahme&#8220; entstammt der hauseigenen Info-Brosch\u00fcre.<\/p>\n","protected":false},"excerpt":{"rendered":"<p>Diese Seite versammelt einige wichtige Downloads, die die Selbstorganisation in der Oberstufe unterst\u00fctzen hilft und bei Verlust hier heruntergeladen werden k\u00f6nnen. Abitur in Hessen &#8211; Ein guter Weg Aufnahmeantrag 11 Aufnahmeantrag 12 Erg\u00e4nzende Schulordnung LOS Vorlage Entschuldigung Vorlage Noten\u00fcbersicht Leistungsfach-Wunsch<span class=\"ellipsis\">&hellip;<\/span><\/p>\n<div class=\"read-more\"><a href=\"https:\/\/www.lindenauschule.de\/los\/?page_id=220\">Weiterlesen \u203a<\/a><\/div>\n<p><!-- end of .read-more --><\/p>\n","protected":false},"author":1,"featured_media":0,"parent":0,"menu_order":0,"comment_status":"closed","ping_status":"closed","template":"","meta":{"footnotes":""},"_links":{"self":[{"href":"https:\/\/www.lindenauschule.de\/los\/index.php?rest_route=\/wp\/v2\/pages\/220"}],"collection":[{"href":"https:\/\/www.lindenauschule.de\/los\/index.php?rest_route=\/wp\/v2\/pages"}],"about":[{"href":"https:\/\/www.lindenauschule.de\/los\/index.php?rest_route=\/wp\/v2\/types\/page"}],"author":[{"embeddable":true,"href":"https:\/\/www.lindenauschule.de\/los\/index.php?rest_route=\/wp\/v2\/users\/1"}],"replies":[{"embeddable":true,"href":"https:\/\/www.lindenauschule.de\/los\/index.php?rest_route=%2Fwp%2Fv2%2Fcomments&post=220"}],"version-history":[{"count":21,"href":"https:\/\/www.lindenauschule.de\/los\/index.php?rest_route=\/wp\/v2\/pages\/220\/revisions"}],"predecessor-version":[{"id":349,"href":"https:\/\/www.lindenauschule.de\/los\/index.php?rest_route=\/wp\/v2\/pages\/220\/revisions\/349"}],"wp:attachment":[{"href":"https:\/\/www.lindenauschule.de\/los\/index.php?rest_route=%2Fwp%2Fv2%2Fmedia&parent=220"}],"curies":[{"name":"wp","href":"https:\/\/api.w.org\/{rel}","templated":true}]}}