
{"id":6483,"date":"2024-06-09T12:05:35","date_gmt":"2024-06-09T10:05:35","guid":{"rendered":"https:\/\/www.lindenauschule.de\/?page_id=6483"},"modified":"2024-06-09T12:05:35","modified_gmt":"2024-06-09T10:05:35","slug":"faqs-zum-ipad-fuer-schuelerinnen-und-schueler","status":"publish","type":"page","link":"https:\/\/www.lindenauschule.de\/?page_id=6483","title":{"rendered":"FAQs zum iPad f\u00fcr Sch\u00fclerinnen und Sch\u00fcler"},"content":{"rendered":"<p><b><span data-contrast=\"none\"> 1. Wie melde ich mich auf meinem Leih-Ger\u00e4t (iPad) an?<\/span><\/b><\/p>\n<p><span data-contrast=\"none\">Hier findest du eine kurze Anleitung, wie du dich mit deiner Schul-Emailadresse am iPad der Schule anmelden kannst. Anders als bei der Anmeldung als \u201eGast\u201c werden durch die Anmeldung Daten auch auf dem Ger\u00e4t gespeichert, wenn es einmal ausgeschaltet ist.<\/span><span data-ccp-props=\"{&quot;201341983&quot;:0,&quot;335557856&quot;:16777215,&quot;335559739&quot;:300,&quot;335559740&quot;:240}\">\u00a0<\/span><\/p>\n<p><a href=\"https:\/\/lds6030hu-my.sharepoint.com\/:b:\/g\/personal\/marwin_uhrig_lds_hanau_schule\/ET6YJdwEVTZOg25v8VI-yCwBRvtK1WzkbQlpY-AyHcHsgg\"><span data-contrast=\"none\">Link zur Anleitung<\/span><\/a> <span data-contrast=\"none\">(zuletzt gepr\u00fcft: 04.06.2024)<\/span><span data-ccp-props=\"{&quot;201341983&quot;:0,&quot;335557856&quot;:16777215,&quot;335559739&quot;:300,&quot;335559740&quot;:240}\">\u00a0<\/span><\/p>\n<p>&nbsp;<\/p>\n<p><b><span data-contrast=\"none\">2.1 Wie erstelle ich bei Goodnotes ein automatisches Backup in der Cloud?<\/span><\/b><span data-ccp-props=\"{&quot;201341983&quot;:0,&quot;335557856&quot;:16777215,&quot;335559739&quot;:300,&quot;335559740&quot;:240}\">\u00a0<\/span><\/p>\n<p><a href=\"https:\/\/paperlesslife.de\/blogs\/digitale-planer\/so-erstellst-du-ein-automatisches-backup-in-goodnotes\"><span data-contrast=\"none\">https:\/\/paperlesslife.de\/blogs\/digitale-planer\/so-erstellst-du-ein-automatisches-backup-in-goodnotes<\/span><\/a> <span data-contrast=\"none\">(zuletzt gepr\u00fcft: 04.06.2024)<\/span><span data-ccp-props=\"{&quot;201341983&quot;:0,&quot;335557856&quot;:16777215,&quot;335559739&quot;:300,&quot;335559740&quot;:240}\">\u00a0<\/span><\/p>\n<p>&nbsp;<\/p>\n<p><b><span data-contrast=\"none\">2.2 Wie erstelle ich bei Goodnotes eine lokale Sicherungskopie (Backup) meiner Goodnotes-Dateien?<\/span><\/b><span data-ccp-props=\"{&quot;201341983&quot;:0,&quot;335557856&quot;:16777215,&quot;335559739&quot;:300,&quot;335559740&quot;:240}\">\u00a0<\/span><\/p>\n<p><span data-contrast=\"none\">Folge dazu den folgenden Schritten:<\/span><span data-ccp-props=\"{&quot;201341983&quot;:0,&quot;335557856&quot;:16777215,&quot;335559739&quot;:300,&quot;335559740&quot;:240}\">\u00a0<\/span><\/p>\n<ol>\n<li><span data-contrast=\"none\">\u00d6ffne die GoodNotes-App auf deinem iPad.<\/span><span data-ccp-props=\"{&quot;201341983&quot;:0,&quot;335557856&quot;:16777215,&quot;335559685&quot;:1440,&quot;335559740&quot;:240}\">\u00a0<\/span><\/li>\n<li><span data-contrast=\"none\">Klicke auf das Zahnradsymbol oben rechts in der Ecke und klicke auf \u201eCloud &amp; Backup\u201c. Das Zahnrad taucht nicht in einem Dokument auf, du musst daf\u00fcr raus aus dem Dokument und auf die Startseite.<\/span><span data-ccp-props=\"{&quot;201341983&quot;:0,&quot;335557856&quot;:16777215,&quot;335559685&quot;:1440,&quot;335559740&quot;:240}\">\u00a0<\/span><\/li>\n<li><span data-contrast=\"none\">Dort findest du den Abschnitt \u201eManuelle Dokumentensicherung\u201c. Tippe darauf, um fortzufahren. Klicke dann auf \u201eJetzt Backup erstellen\u201c<\/span><span data-ccp-props=\"{&quot;201341983&quot;:0,&quot;335557856&quot;:16777215,&quot;335559685&quot;:1440,&quot;335559740&quot;:240}\">\u00a0<\/span><\/li>\n<li><span data-contrast=\"none\">GoodNotes wird nun eine lokale Sicherung deiner Daten auf dem iPad erstellen. Dieser Vorgang kann je nach Gr\u00f6\u00dfe deiner Notizen und Anzahl der Notizb\u00fccher einige Zeit in Anspruch nehmen. Stelle sicher, dass dein iPad w\u00e4hrend des Vorgangs ausreichend Akkuleistung hat und nicht ausgeschaltet wird.<\/span><span data-ccp-props=\"{&quot;201341983&quot;:0,&quot;335557856&quot;:16777215,&quot;335559685&quot;:1440,&quot;335559740&quot;:240}\">\u00a0<\/span><\/li>\n<li><span data-contrast=\"none\">Sobald die Sicherung abgeschlossen ist, erh\u00e4ltst du eine Best\u00e4tigungsmeldung. Du kannst nun deine GoodNotes-Daten lokal auf dem iPad sichern.<\/span><span data-ccp-props=\"{&quot;201341983&quot;:0,&quot;335557856&quot;:16777215,&quot;335559685&quot;:1440,&quot;335559740&quot;:240}\">\u00a0<\/span><\/li>\n<li><span data-contrast=\"none\">Gehe daf\u00fcr im aufgetauchten Fenster nach unten und Klicke auf: \u201eIn Dateien sichern\u201c.<\/span><span data-ccp-props=\"{&quot;201341983&quot;:0,&quot;335557856&quot;:16777215,&quot;335559685&quot;:1440,&quot;335559740&quot;:240}\">\u00a0<\/span><\/li>\n<li><span data-contrast=\"none\">Klicke anschlie\u00dfend auf \u201eAuf meinem iPad\u201c, um das Backup lokal (d.h. ohne Cloud auf dem Ger\u00e4t) zu speichern.<\/span><span data-ccp-props=\"{&quot;201341983&quot;:0,&quot;335557856&quot;:16777215,&quot;335559685&quot;:1440,&quot;335559740&quot;:240}\">\u00a0<\/span><\/li>\n<\/ol>\n<p><b><span data-contrast=\"none\">Bitte beachte<\/span><\/b><span data-contrast=\"none\">, dass lokale Sicherungen auf dem iPad zwar vor dem Verlust von Daten durch Cloud-Probleme sch\u00fctzen k\u00f6nnen, aber nicht vor Ger\u00e4teverlust oder Besch\u00e4digung. Es wird empfohlen, auch externe Sicherungen in Betracht zu ziehen, wie z.B. regelm\u00e4\u00dfiges Exportieren deiner Notizen auf andere Ger\u00e4te oder Speichermedien. Das kann ein Stick sein, dein PC oder auch die eine datenschutzkonforme Cloud<\/span><span data-ccp-props=\"{&quot;201341983&quot;:0,&quot;335557856&quot;:16777215,&quot;335559740&quot;:240}\">\u00a0<\/span><\/p>\n<p><span data-ccp-props=\"{&quot;201341983&quot;:0,&quot;335559740&quot;:259}\">\u00a0<\/span><span data-contrast=\"auto\">Quelle: <\/span><a href=\"https:\/\/www.asg-laichingen.de\/faq-item\/wie-erstelle-ich-eine-sicherung-meiner-good-notes-dateien\/\"><span data-contrast=\"none\">https:\/\/www.asg-laichingen.de\/faq-item\/wie-erstelle-ich-eine-sicherung-meiner-good-notes-dateien\/<\/span><\/a> <span data-contrast=\"none\">(zuletzt gepr\u00fcft: 04.06.2024)<\/span><span data-ccp-props=\"{&quot;201341983&quot;:0,&quot;335559740&quot;:259}\">\u00a0<\/span><\/p>\n<p><span data-ccp-props=\"{&quot;201341983&quot;:0,&quot;335559740&quot;:259}\">\u00a0<\/span><\/p>\n<p><b><span data-contrast=\"auto\"> 3. Wie erstelle ich ein Backup meines kompletten iPads mit iCloud oder Onedrive?<\/span><\/b><\/p>\n<p><i><span data-contrast=\"auto\">Dies funktioniert nur, wenn du nicht als Gast, sondern mit deiner <\/span><\/i><a href=\"mailto:vorname.nachname@lds.hanau.schule\"><i><span data-contrast=\"none\">vorname.nachname@lds.hanau.schule<\/span><\/i><\/a><i><span data-contrast=\"auto\"> Adresse angemeldet bist.<\/span><\/i><span data-ccp-props=\"{&quot;201341983&quot;:0,&quot;335559740&quot;:259}\">\u00a0<\/span><\/p>\n<p><span data-ccp-props=\"{&quot;201341983&quot;:0,&quot;335559740&quot;:259}\">\u00a0<\/span><a href=\"https:\/\/support.apple.com\/de-de\/guide\/ipad\/ipad9a74df05xx\/ipados\"><span data-contrast=\"none\">https:\/\/support.apple.com\/de-de\/guide\/ipad\/ipad9a74df05xx\/ipados<\/span><\/a> <span data-contrast=\"none\">(zuletzt gepr\u00fcft: 04.06.2024)<\/span><span data-ccp-props=\"{&quot;201341983&quot;:0,&quot;335559740&quot;:259}\">\u00a0<\/span><\/p>\n","protected":false},"excerpt":{"rendered":"<p>1. Wie melde ich mich auf meinem Leih-Ger\u00e4t (iPad) an? Hier findest du eine kurze Anleitung, wie du dich mit deiner Schul-Emailadresse am iPad der Schule anmelden kannst. Anders als bei der Anmeldung als \u201eGast\u201c werden durch die Anmeldung Daten<\/p>\n","protected":false},"author":2,"featured_media":0,"parent":0,"menu_order":0,"comment_status":"closed","ping_status":"closed","template":"","meta":{"footnotes":""},"class_list":["post-6483","page","type-page","status-publish","hentry"],"_links":{"self":[{"href":"https:\/\/www.lindenauschule.de\/index.php?rest_route=\/wp\/v2\/pages\/6483","targetHints":{"allow":["GET"]}}],"collection":[{"href":"https:\/\/www.lindenauschule.de\/index.php?rest_route=\/wp\/v2\/pages"}],"about":[{"href":"https:\/\/www.lindenauschule.de\/index.php?rest_route=\/wp\/v2\/types\/page"}],"author":[{"embeddable":true,"href":"https:\/\/www.lindenauschule.de\/index.php?rest_route=\/wp\/v2\/users\/2"}],"replies":[{"embeddable":true,"href":"https:\/\/www.lindenauschule.de\/index.php?rest_route=%2Fwp%2Fv2%2Fcomments&post=6483"}],"version-history":[{"count":1,"href":"https:\/\/www.lindenauschule.de\/index.php?rest_route=\/wp\/v2\/pages\/6483\/revisions"}],"predecessor-version":[{"id":6484,"href":"https:\/\/www.lindenauschule.de\/index.php?rest_route=\/wp\/v2\/pages\/6483\/revisions\/6484"}],"wp:attachment":[{"href":"https:\/\/www.lindenauschule.de\/index.php?rest_route=%2Fwp%2Fv2%2Fmedia&parent=6483"}],"curies":[{"name":"wp","href":"https:\/\/api.w.org\/{rel}","templated":true}]}}