
{"id":4393,"date":"2021-11-10T16:21:01","date_gmt":"2021-11-10T15:21:01","guid":{"rendered":"https:\/\/www.lindenauschule.de\/?page_id=4393"},"modified":"2025-06-05T14:32:27","modified_gmt":"2025-06-05T12:32:27","slug":"wahlpflichtangebot-wp-ii-fuer-die-jahrgangstufe-10-2","status":"publish","type":"page","link":"https:\/\/www.lindenauschule.de\/?page_id=4393","title":{"rendered":"Wahlpflichtangebot (WP I) f\u00fcr die Jahrgangstufe 10"},"content":{"rendered":"<h3><strong>Kursbeschreibungen <\/strong><strong>Schuljahr 2025\/2026<\/strong><\/h3>\n<ol>\n<li><strong>Holzbearbeitung\/Werken<\/strong><\/li>\n<\/ol>\n<p>Welche S\u00e4gen benutze ich um Sperrholz, eine Holzplatte, eine Leiste oder ein Brett zu s\u00e4gen? Was muss ich beachten, wenn ich an einer St\u00e4nderbohrmaschine\u00a0 L\u00f6cher bohren m\u00f6chte? Wie kann ich Holz in eine bestimmte Form bringen und was muss ich tun, um eine sch\u00f6ne Oberfl\u00e4che zu erhalten? Wie verbinde ich verschiedene Holzteile miteinander, um z.B. ein K\u00e4stchen zu bauen?<\/p>\n<p>In den beiden WP1-Kursen Technik \/ Holzwerken werden den Sch\u00fclerinnen und Sch\u00fclern grundlegende Kenntnisse \u00fcber den Werkstoff Holz und seine Verarbeitung vermittelt. Dazu geh\u00f6rt, welche Holzarten es gibt und wie es unter verschiedenen Bedingungen \u201earbeitet\u201c.<\/p>\n<p>Das Erlernen von Grundlagen zum Be- und Verarbeiten von Holz sowie das Zeigen von Techniken zur Erstellung von Holzverbindungen geh\u00f6ren gleicherma\u00dfen zum Inhalt der Kurse. Die Sch\u00fclerinnen und Sch\u00fcler erstellen kleine Projekte durch S\u00e4gen, Feilen und Beiteln von Hand und erlernen, wie Werkst\u00fccke durch Leimen und Verzinken sowie durch \u00dcberblattungen verbunden werden.<\/p>\n<p>Pr\u00e4zises Arbeiten wie z.B. das Anrei\u00dfen mit Bleistift und der Umgang mit Winkel Zollstock sind dabei Voraussetzung f\u00fcr die Umsetzung von kleinen M\u00f6belbau-Projekten aus Vollholz, wie z.B. Vogelh\u00e4uschen, Strandst\u00fchle, Tischtennisschl\u00e4ger, verschiedene Brettspiele etc.<\/p>\n<p><strong>\u00a0<\/strong><strong>\u00a0<\/strong><\/p>\n<ol start=\"2\">\n<li><strong> Darstellendes Spiel<\/strong><\/li>\n<\/ol>\n<p>Keine Angst! Bei uns im Schultheater schl\u00e4ft keiner ein, die Auff\u00fchrungen unserer Sch\u00fclergruppen werden gerne besucht. Doch eine gute Auff\u00fchrung bedarf gr\u00fcndlicher Vorbereitung. Damit sie gelingt, bekommen Sch\u00fclerInnen viel Freiraum, in dem sie ihre Kreativit\u00e4t entfalten k\u00f6nnen, und gleichzeitig wird flei\u00dfig ge\u00fcbt und geprobt.<\/p>\n<p>Im WP-Kurs \u201eDarstellendes Spiel\u201c erlernen die Sch\u00fclerInnen die Grundlagen des Darstellenden Spiels. Nach einer Kennenlernphase, in der Vertrauen aufgebaut wird und die Gruppe zum Ensemble zusammenw\u00e4chst, werden erste Szenen entwickelt und erste Rollen ausprobiert. Raum und Zeit, Auseinandersetzung mit der Stimme und dem K\u00f6rper stehen im Fokus. Es wird improvisiert, reflektiert, aber vor allem viel gespielt!<\/p>\n<p>Theaterspielen ist sehr verf\u00fchrerisch: man kann in andere Rollen schl\u00fcpfen, kann Dinge tun, die man sich sonst nicht trauen w\u00fcrde, man steht im Rampenlicht, bekommt Applaus \u2026 Kommt zu uns ins Schultheater und gebt eurem Leben noch eine zus\u00e4tzliche Farbe! Wir freuen uns auf euch!<\/p>\n<p><u>Voraussetzungen:<\/u><\/p>\n<ul>\n<li>Wie erscheinen alle im DS-Unterricht in <strong>schwarzer, locker sitzender Kleidung<\/strong>. Sie dient der Neutralisierung des Aussehens und stellt zugleich ein Erkenntnismerkmal der DS-Gruppe dar.<\/li>\n<li>Unsere DS-Gruppen besuchen Auff\u00fchrungen an Schauspielh\u00e4usern, um professionelle Theaterinszenierungen zu analysieren. <strong>Die Kosten<\/strong> f\u00fcr den erm\u00e4\u00dfigten Eintrittspreis f\u00fcr Sch\u00fclergruppen <strong>sind<\/strong> von den Sch\u00fclerInnen <strong>zu tragen<\/strong>.<\/li>\n<li>Die Teilnahme an angek\u00fcndigten Veranstaltungen, die au\u00dferhalb der Unterrichtszeit stattfinden (Theaterbesuch, Zusatzprobe), sind verpflichtend.<\/li>\n<\/ul>\n<p><u>Leistungsbeurteilung und Notenfindung<\/u><\/p>\n<p>Die Gesamtnote resultiert aus den schriftlichen und den spielpraktischen Leistungen<\/p>\n<ul>\n<li><strong>Schriftlich <\/strong>(Bearbeiten\/ Erfinden von Texten und Szenen, Arbeit an Dramaturgie, Beobachtungsauftr\u00e4ge, Probentagebuch)<\/li>\n<li><strong>Spielpraktische<\/strong> \u00dcbungen sowie Produktion eigener Theaterszenen und individuelle Einzelleistungen und Ensembleleistungen w\u00e4hrend des gesamten Entstehungsprozesses des Projektes<\/li>\n<\/ul>\n<p><strong>\u00a0<\/strong><\/p>\n<ol start=\"3\">\n<li><strong> Informatik<\/strong><\/li>\n<\/ol>\n<p>Im WP-Kurs \u201eInformatik\u201c erhalten Sch\u00fcler*innen die M\u00f6glichkeit, erste Einblicke in das Arbeiten mit Computern und in die Welt des Programmierens zu gewinnen.<\/p>\n<p>Sie planen, programmieren und testen ihre ersten selbst entwickelten Spiele, welche sie sp\u00e4ter sogar im Internet ver\u00f6ffentlichen k\u00f6nnen. Die erlernten F\u00e4higkeiten setzen die Sch\u00fcler*innen im Anschluss dann bereits beim Programmieren einer eigenen APP ein.<\/p>\n<p>Dar\u00fcber hinaus werden in diesem Kurs Stop-Motion-Filme gedreht und der Einstieg in das Themengebiet des Videodrehs gewagt. Die Sch\u00fcler*innen erfahren Interessantes \u00fcber das Thema Mobile Reporting und erstellen eigene Reportagen, Interviews und Imagefilme.<\/p>\n<p>Neben dem Arbeiten an verschiedensten Projekten, befasst sich der Kurs mit wichtigen Themen, die unseren Alltag bestimmen. So wird z.B. die Datensicherheit (der digitale Fingerabdruck, Datenstr\u00f6me im Internet, Smart Home Systeme, usw.\u2026) und die k\u00fcnstliche Intelligenz genauer unter die Lupe genommen, sodass die Sch\u00fcler*innen f\u00fcr die digitale Zukunft gewappnet sind!<\/p>\n<p>Spezielle Vorkenntnisse sind f\u00fcr diesen Kurs nicht notwendig.<\/p>\n<p><strong>\u00a0<\/strong><strong>\u00a0<\/strong><\/p>\n<ol start=\"4\">\n<li><strong> Ern\u00e4hrungslehre<\/strong><\/li>\n<\/ol>\n<p>Gesundes Essen schmeckt nicht? Kochen ist etwas f\u00fcr Erwachsene? So ein Quatsch! In diesem Fach lernen wir zun\u00e4chst gesunde Ern\u00e4hrung kennen und \u00fcberlegen uns Rezepte, die wir nachkochen (oder backen) werden. Auch typisches Fast Food kann man gesund nachkochen, wetten?! Au\u00dferdem gehen wir dem h\u00e4ufig verwendeten Begriff \u201eregional\u201c mal etwas genauer nach.<\/p>\n<p>Du kochst die Rezepte \u00a0in Partner- oder Gruppenarbeit und ihr teilt euch ein, wer welche Lebensmittel in die Kochstunde mitbringt. Die Lebensmittel f\u00fcr den Kochunterricht m\u00fcssen von den Sch\u00fclerinnen und Sch\u00fclern selbst bezahlt werden.<\/p>\n","protected":false},"excerpt":{"rendered":"<p>Kursbeschreibungen Schuljahr 2025\/2026 Holzbearbeitung\/Werken Welche S\u00e4gen benutze ich um Sperrholz, eine Holzplatte, eine Leiste oder ein Brett zu s\u00e4gen? Was muss ich beachten, wenn ich an einer St\u00e4nderbohrmaschine\u00a0 L\u00f6cher bohren m\u00f6chte? Wie kann ich Holz in eine bestimmte Form bringen<\/p>\n","protected":false},"author":2,"featured_media":0,"parent":0,"menu_order":0,"comment_status":"closed","ping_status":"closed","template":"","meta":{"footnotes":""},"class_list":["post-4393","page","type-page","status-publish","hentry"],"_links":{"self":[{"href":"https:\/\/www.lindenauschule.de\/index.php?rest_route=\/wp\/v2\/pages\/4393","targetHints":{"allow":["GET"]}}],"collection":[{"href":"https:\/\/www.lindenauschule.de\/index.php?rest_route=\/wp\/v2\/pages"}],"about":[{"href":"https:\/\/www.lindenauschule.de\/index.php?rest_route=\/wp\/v2\/types\/page"}],"author":[{"embeddable":true,"href":"https:\/\/www.lindenauschule.de\/index.php?rest_route=\/wp\/v2\/users\/2"}],"replies":[{"embeddable":true,"href":"https:\/\/www.lindenauschule.de\/index.php?rest_route=%2Fwp%2Fv2%2Fcomments&post=4393"}],"version-history":[{"count":5,"href":"https:\/\/www.lindenauschule.de\/index.php?rest_route=\/wp\/v2\/pages\/4393\/revisions"}],"predecessor-version":[{"id":7850,"href":"https:\/\/www.lindenauschule.de\/index.php?rest_route=\/wp\/v2\/pages\/4393\/revisions\/7850"}],"wp:attachment":[{"href":"https:\/\/www.lindenauschule.de\/index.php?rest_route=%2Fwp%2Fv2%2Fmedia&parent=4393"}],"curies":[{"name":"wp","href":"https:\/\/api.w.org\/{rel}","templated":true}]}}