
{"id":414,"date":"2017-08-06T17:44:35","date_gmt":"2017-08-06T15:44:35","guid":{"rendered":"http:\/\/www2.lindenauschule.de\/?page_id=414"},"modified":"2021-12-15T13:30:19","modified_gmt":"2021-12-15T12:30:19","slug":"berufswegeplanung-der-jgst-8-9","status":"publish","type":"page","link":"https:\/\/www.lindenauschule.de\/?page_id=414","title":{"rendered":"Berufswegeplanung der Jgst. 8 &#038; 9"},"content":{"rendered":"<p>Die Berufsorientierung und Berufswegeplanung wird an der Lindenauschule in Zusammerarbeit mit au\u00dferschulischen Bildungseinrichtungen durchgef\u00fchrt.<\/p>\n<p>Unser Kooperationspartner ist die Jugendwerkstatt Hanau e.V., eine als gemeinn\u00fctzig anerkannte berufliche Bildungseinrichtung der freien Jugendhilfe, die Mitglied im Diakonischen Werk der Evangelischen Kirche von Kurhessen-Waldeck ist.<\/p>\n<h3>Orientierung und Unterst\u00fctzung:<\/h3>\n<p>Die Berufswegeplanung f\u00fcr die 8. und 9. Klassen umfasst folgende <strong>Schwerpunkte<\/strong>:<\/p>\n<ul>\n<li><strong>Individuelle Beratungstermine <\/strong>f\u00fcr Sch\u00fclerinnen\/Sch\u00fcler und Eltern<\/li>\n<li><strong>Individuelle Begleitung <\/strong>bei der Berufsfindung<\/li>\n<li>Erstellung einer pers\u00f6nlichen <strong>Bewerbungsmappe<\/strong><\/li>\n<li>Hilfe bei der <strong>Ausbildungs- und Praktikasuche<\/strong><\/li>\n<li>Vorbereitung auf <strong>Vorstellungsgespr\u00e4che <\/strong>und <strong>Einstellungstests<\/strong><\/li>\n<li><strong>Information und Unterst\u00fctzung <\/strong>bei der Wahl f\u00fcr eine <strong>weiterf\u00fchrende Schule<\/strong><\/li>\n<\/ul>\n<p>Die alles in enger Zusammenarbeit mit den <strong>Klassenlehrkr\u00e4fte <\/strong>und in Kooperation mit der <strong>Berufsberatung <\/strong>der <strong>Agentur f\u00fcr Arbeit<\/strong>.<\/p>\n<h3>Deine\/Ihre Ansprechpartnerinnen sind:<\/h3>\n<p><strong>IGS<\/strong><\/p>\n<p>Karin G\u00fcntsche:<\/p>\n<p>Mail: <a href=\"mailto:guentsche@jugendwerkstatt-hanau.de\">guentsche@jugendwerkstatt-hanau.de<\/a>; Handy: 015253500505<\/p>\n<p>Sabine Siemon<\/p>\n<p>Mail: <a href=\"mailto:siemon@jugendwerkstatt-hanau.de\">siemon@jugendwerkstatt-hanau.de<\/a>, Handy: 017642779428<\/p>\n<p>&nbsp;<\/p>\n<p><strong>PuSCH<\/strong><\/p>\n<p>Angela B\u00fcchner<\/p>\n<p>Mail: <a href=\"mailto:buechner@jugendwerkstatt-hanau.de\">buechner@jugendwerkstatt-hanau.de<\/a>; Handy: 01738163676<\/p>\n<p>&nbsp;<\/p>\n<p><strong>VB9 <\/strong><\/p>\n<p>Katja Darimont-Weis<\/p>\n<p>Mail: <a href=\"mailto:darimont-weis@jugendwerkstatt-hanau.de\">darimont-weis@jugendwerkstatt-hanau.de<\/a>, Handy: 017645743593<\/p>\n<p>&nbsp;<\/p>\n<p>Wir sind f\u00fcr Dich\/Sie zust\u00e4ndig und im Beratungsraum der Lindenauschule erreichbar. Die aktuellen <strong>Sprechzeiten <\/strong>stehen im Aushang. Termine sind auch nachmittags nach Vereinbarung m\u00f6glich.<\/p>\n","protected":false},"excerpt":{"rendered":"<p>Die Berufsorientierung und Berufswegeplanung wird an der Lindenauschule in Zusammerarbeit mit au\u00dferschulischen Bildungseinrichtungen durchgef\u00fchrt. Unser Kooperationspartner ist die Jugendwerkstatt Hanau e.V., eine als gemeinn\u00fctzig anerkannte berufliche Bildungseinrichtung der freien Jugendhilfe, die Mitglied im Diakonischen Werk der Evangelischen Kirche von Kurhessen-Waldeck<\/p>\n","protected":false},"author":2,"featured_media":0,"parent":0,"menu_order":0,"comment_status":"closed","ping_status":"closed","template":"","meta":{"footnotes":""},"class_list":["post-414","page","type-page","status-publish","hentry"],"_links":{"self":[{"href":"https:\/\/www.lindenauschule.de\/index.php?rest_route=\/wp\/v2\/pages\/414","targetHints":{"allow":["GET"]}}],"collection":[{"href":"https:\/\/www.lindenauschule.de\/index.php?rest_route=\/wp\/v2\/pages"}],"about":[{"href":"https:\/\/www.lindenauschule.de\/index.php?rest_route=\/wp\/v2\/types\/page"}],"author":[{"embeddable":true,"href":"https:\/\/www.lindenauschule.de\/index.php?rest_route=\/wp\/v2\/users\/2"}],"replies":[{"embeddable":true,"href":"https:\/\/www.lindenauschule.de\/index.php?rest_route=%2Fwp%2Fv2%2Fcomments&post=414"}],"version-history":[{"count":4,"href":"https:\/\/www.lindenauschule.de\/index.php?rest_route=\/wp\/v2\/pages\/414\/revisions"}],"predecessor-version":[{"id":4499,"href":"https:\/\/www.lindenauschule.de\/index.php?rest_route=\/wp\/v2\/pages\/414\/revisions\/4499"}],"wp:attachment":[{"href":"https:\/\/www.lindenauschule.de\/index.php?rest_route=%2Fwp%2Fv2%2Fmedia&parent=414"}],"curies":[{"name":"wp","href":"https:\/\/api.w.org\/{rel}","templated":true}]}}